{"id":711,"date":"2023-03-06T11:31:16","date_gmt":"2023-03-06T10:31:16","guid":{"rendered":"https:\/\/antoraf.com\/?page_id=711"},"modified":"2024-11-12T12:11:32","modified_gmt":"2024-11-12T11:11:32","slug":"travailler-avec-nous","status":"publish","type":"page","link":"https:\/\/antoraf.com\/fr\/travailler-avec-nous\/","title":{"rendered":"Travailler Avec Nous"},"content":{"rendered":"<section class=\"l-section wpb_row us_custom_b6c56ed3 height_auto\"><div class=\"l-section-h i-cf\"><div class=\"g-cols vc_row via_flex valign_top type_default stacking_default\"><div class=\"vc_col-sm-12 wpb_column vc_column_container\"><div class=\"vc_column-inner\"><div class=\"wpb_wrapper\"><div class=\"w-html us_custom_31e68b5e span us_animate_this\"><h1 style=\"color: #F0EFEB;\">Faites partie <br><span style=\"color: #F0EFEB;\">d\u2019une grande r\u00e9alit\u00e9<\/span><\/h1><\/div><div class=\"w-separator size_custom\" style=\"height:24px\" id=\"ee60\"><style>@media(max-width:600px){ #ee60{height:16px!important}}<\/style><\/div><div class=\"w-html us_custom_e5a43fec has_text_color us_animate_this\"><h2>Que signifie travailler chez Antoraf<\/h2><\/div><\/div><\/div><\/div><\/div><\/div><\/section><section class=\"l-section wpb_row height_auto\"><div class=\"l-section-h i-cf\"><div class=\"g-cols vc_row via_flex valign_top type_default stacking_default\"><div class=\"vc_col-sm-6 wpb_column vc_column_container\"><div class=\"vc_column-inner\"><div class=\"wpb_wrapper\"><div class=\"w-html us_custom_4c822b39 p72 us_animate_this\"><p>NOTRE ID\u00c9E DE CULTURE D\u2019ENTREPRISE<\/p><\/div><div class=\"w-separator size_custom\" style=\"height:24px\" id=\"t958\"><style>@media(max-width:600px){ #t958{height:16px!important}}<\/style><\/div><div class=\"w-html us_custom_069a6d0d has_text_color us_animate_this\"><p>Antoraf est n\u00e9e comme une entreprise familiale.<br> Au fil des ans, <strong style=\"color: #FFFFFF;\">notre famille<\/strong> s\u2019est consid\u00e9rablement \u00e9largie, en int\u00e9grant de nouveaux <strong style=\"color: #FFFFFF;\">collaborateurs exp\u00e9riment\u00e9s<\/strong>. <br><br>L\u2019esprit avec lequel nous sommes n\u00e9s ne nous a jamais abandonn\u00e9s.<br>\n\nNous travaillons en synergie avec d\u00e9vouement et engagement, en parvenant \u00e0 r\u00e9pondre rapidement aux demandes, sans oublier nos <strong style=\"color: #FFFFFF;\">valeurs<\/strong>.<\/p><\/div><div class=\"w-separator size_custom\" style=\"height:40px\" id=\"hc43\"><style>@media(max-width:600px){ #hc43{height:16px!important}}<\/style><\/div><div class=\"w-btn-wrapper align_none\"><a class=\"w-btn us-btn-style_1 us_custom_f70d789f us_animate_this\" href=\"#posizioni\"><span class=\"w-btn-label\">D\u00c9COUVREZ LES OFFRES D\u2019EMPLOI<\/span><\/a><\/div><div class=\"w-separator size_custom\" style=\"height:131px\" id=\"b187\"><style>@media(max-width:600px){ #b187{height:16px!important}}<\/style><\/div><\/div><\/div><\/div><div class=\"vc_col-sm-6 wpb_column vc_column_container\"><div class=\"vc_column-inner\"><div class=\"wpb_wrapper\"><div class=\"w-image us_custom_66da1737 us_animate_this align_none\"><div class=\"w-image-h\"><img decoding=\"async\" width=\"539\" height=\"735\" src=\"https:\/\/antoraf.com\/wp-content\/uploads\/2023\/03\/Antoraf-lavora-con-noi-1-539x735.jpeg\" class=\"attachment-us_539_735 size-us_539_735\" alt=\"\" loading=\"lazy\" srcset=\"https:\/\/antoraf.com\/wp-content\/uploads\/2023\/03\/Antoraf-lavora-con-noi-1-539x735.jpeg 539w, https:\/\/antoraf.com\/wp-content\/uploads\/2023\/03\/Antoraf-lavora-con-noi-1-220x300.jpeg 220w, https:\/\/antoraf.com\/wp-content\/uploads\/2023\/03\/Antoraf-lavora-con-noi-1-751x1024.jpeg 751w, https:\/\/antoraf.com\/wp-content\/uploads\/2023\/03\/Antoraf-lavora-con-noi-1-214x292.jpeg 214w, https:\/\/antoraf.com\/wp-content\/uploads\/2023\/03\/Antoraf-lavora-con-noi-1-407x555.jpeg 407w, https:\/\/antoraf.com\/wp-content\/uploads\/2023\/03\/Antoraf-lavora-con-noi-1-469x639.jpeg 469w, https:\/\/antoraf.com\/wp-content\/uploads\/2023\/03\/Antoraf-lavora-con-noi-1-836x1140.jpeg 836w, https:\/\/antoraf.com\/wp-content\/uploads\/2023\/03\/Antoraf-lavora-con-noi-1-288x393.jpeg 288w, https:\/\/antoraf.com\/wp-content\/uploads\/2023\/03\/Antoraf-lavora-con-noi-1-96x131.jpeg 96w, https:\/\/antoraf.com\/wp-content\/uploads\/2023\/03\/Antoraf-lavora-con-noi-1.jpeg 1078w\" sizes=\"auto, (max-width: 539px) 100vw, 539px\" \/><\/div><\/div><\/div><\/div><\/div><\/div><\/div><\/section><section class=\"l-section wpb_row us_custom_73d4bc87 height_auto\"><div class=\"l-section-h i-cf\"><div class=\"g-cols vc_row via_flex valign_top type_default stacking_default\"><div class=\"vc_col-sm-12 wpb_column vc_column_container\"><div class=\"vc_column-inner\"><div class=\"wpb_wrapper\"><div class=\"w-html us_custom_36b66863 p96 has_text_color us_animate_this hide_on_mobiles\"><p>Vocation de l\u2019excellence et du bien-\u00eatre partag\u00e9 <\/p><\/div><div class=\"w-html us_custom_eb8bcbcb has_text_color us_animate_this hide_on_default hide_on_laptops hide_on_tablets\"><p>Vocation de l\u2019excellence et du bien-\u00eatre partag\u00e9 <\/p><\/div><\/div><\/div><\/div><\/div><\/div><\/section><section class=\"l-section wpb_row us_custom_d4c8dc40 us_animate_this height_auto\"><div class=\"l-section-h i-cf\"><div class=\"g-cols vc_row via_flex valign_top type_default stacking_default\"><div class=\"vc_col-sm-12 wpb_column vc_column_container\"><div class=\"vc_column-inner\"><div class=\"wpb_wrapper\"><div class=\"w-separator size_custom\" style=\"height:695px\" id=\"ve2f\"><style>@media(max-width:600px){ #ve2f{height:600px!important}}<\/style><\/div><\/div><\/div><\/div><\/div><\/div><\/section><section class=\"l-section wpb_row us_custom_3df1acf4 height_auto\"><div class=\"l-section-h i-cf\"><div class=\"g-cols vc_row via_flex valign_top type_default stacking_default\"><div class=\"vc_col-sm-6 wpb_column vc_column_container  has_bg_color\"><div class=\"vc_column-inner us_custom_7ea8d911 us_animate_this\"><div class=\"wpb_wrapper\"><div class=\"w-html us_custom_069a6d0d has_text_color us_animate_this\"><p>Nous partageons une vision commune bas\u00e9e sur la <strong style=\"color: #FFFFFF;\">vocation \u00e0 l\u2019excellence<\/strong> de chacun d\u2019entre nous.\n<br>\n<br>\nUne vocation que nous transmettons chaque jour depuis trente ans, dans chaque cr\u00e9ation.\n<br>\n<br>\nLe moteur de notre succ\u00e8s, ce sont les personnes.<br>\nNous croyons en elles, en leurs capacit\u00e9s et en leur valeur.<br>\nC\u2019est pourquoi le <strong style=\"color: #FFFFFF;\">bien-\u00eatre de l\u2019entreprise<\/strong> est au c\u0153ur de chaque activit\u00e9.<\/p><\/div><\/div><\/div><\/div><div class=\"vc_col-sm-6 vc_hidden-xs wpb_column vc_column_container\"><div class=\"vc_column-inner\"><div class=\"wpb_wrapper\"><\/div><\/div><\/div><\/div><\/div><\/section><section class=\"l-section wpb_row us_custom_0ba0f860 height_auto\" id=\"posizioni\"><div class=\"l-section-h i-cf\"><div class=\"g-cols vc_row via_flex valign_top type_default stacking_default\"><div class=\"vc_col-sm-12 wpb_column vc_column_container\"><div class=\"vc_column-inner\"><div class=\"wpb_wrapper\"><div class=\"w-html us_custom_d6754099 p72 us_animate_this\"><p>Postes ouverts<\/p><\/div><div class=\"w-separator size_custom\" style=\"height:24px\" id=\"dde7\"><style>@media(max-width:600px){ #dde7{height:16px!important}}<\/style><\/div><div class=\"w-html us_custom_a6e431fc p18 has_text_color us_animate_this\"><p>Les portes d\u2019Antoraf sont toujours ouvertes au talent. <\/p><\/div><div class=\"w-separator size_custom\" style=\"height:88px\" id=\"p07f\"><style>@media(max-width:600px){ #p07f{height:56px!important}}<\/style><\/div><div class=\"w-grid us_custom_f70d789f us_animate_this type_grid layout_165 cols_3 ratio_16x9\" id=\"us_grid_1\" style=\"--gap:1.5rem;\" data-filterable=\"true\"><style>@media (max-width:1024px){#us_grid_1 .w-grid-item{width:50%}#us_grid_1 .w-grid-item.size_2x1,#us_grid_1 .w-grid-item.size_2x2{width:100%}}@media (max-width:600px){#us_grid_1 .w-grid-list{margin:0}#us_grid_1 .w-grid-item{width:100%;padding:0;margin-bottom:var(--gap,0px)}}.layout_165 .w-grid-item-h:before{padding-bottom:56.25%}@media (min-width:601px){.layout_165 .w-grid-item.size_1x2 .w-grid-item-h:before{padding-bottom:calc(112.5% + var(--gap,0px) * 2)}.layout_165 .w-grid-item.size_2x1 .w-grid-item-h:before{padding-bottom:calc(28.125% - var(--gap,0px) * 0.5625)}.layout_165 .w-grid-item.size_2x2 .w-grid-item-h:before{padding-bottom:calc(56.25% - var(--gap,0px) * -0.875)}}.layout_165 .w-grid-item-h{background:#151515}.layout_165 .usg_post_title_1{padding-bottom:5px!important}.layout_165 .usg_post_custom_field_1{color:#F0EFEB!important;padding-bottom:53px!important}.layout_165 .usg_vwrapper_1{padding:50px 25px 50px 25px!important}<\/style><div class=\"w-grid-list\">\t<article class=\"w-grid-item size_1x1 post-732 us_portfolio type-us_portfolio status-publish hentry\" data-id=\"732\">\r\n\t\t<div class=\"w-grid-item-h\">\r\n\t\t\t\t\t\t<div class=\"w-vwrapper usg_vwrapper_1 align_left valign_middle\" style=\"--vwrapper-gap:0rem\"><h4 class=\"w-post-elm post_title usg_post_title_1 entry-title color_link_inherit\"><a href=\"https:\/\/antoraf.com\/fr\/portfolio\/tricoteur\/\">TRICOTEUR<\/a><\/h4><p class=\"w-post-elm post_custom_field usg_post_custom_field_1 p14 has_text_color type_text impiego color_link_inherit\"><span class=\"w-post-elm-value\">FULL TIME<\/span><\/p><a class=\"w-btn us-btn-style_3 usg_btn_1 icon_atleft\" href=\"https:\/\/antoraf.com\/fr\/portfolio\/tricoteur\/\"><i class=\"fas fa-long-arrow-right\"><\/i><span class=\"w-btn-label\">POSTULEZ MAINTENANT<\/span><\/a><\/div>\t\t<\/div>\r\n\t\t\t<\/article>\r\n\t<article class=\"w-grid-item size_1x1 post-734 us_portfolio type-us_portfolio status-publish hentry\" data-id=\"734\">\r\n\t\t<div class=\"w-grid-item-h\">\r\n\t\t\t\t\t\t<div class=\"w-vwrapper usg_vwrapper_1 align_left valign_middle\" style=\"--vwrapper-gap:0rem\"><h4 class=\"w-post-elm post_title usg_post_title_1 entry-title color_link_inherit\"><a href=\"https:\/\/antoraf.com\/fr\/portfolio\/mecanicien-pour-machines-textiles\/\">M\u00c9CANICIEN POUR MACHINES TEXTILES<\/a><\/h4><p class=\"w-post-elm post_custom_field usg_post_custom_field_1 p14 has_text_color type_text impiego color_link_inherit\"><span class=\"w-post-elm-value\">FULL TIME<\/span><\/p><a class=\"w-btn us-btn-style_3 usg_btn_1 icon_atleft\" href=\"https:\/\/antoraf.com\/fr\/portfolio\/mecanicien-pour-machines-textiles\/\"><i class=\"fas fa-long-arrow-right\"><\/i><span class=\"w-btn-label\">POSTULEZ MAINTENANT<\/span><\/a><\/div>\t\t<\/div>\r\n\t\t\t<\/article>\r\n\t<article class=\"w-grid-item size_1x1 post-736 us_portfolio type-us_portfolio status-publish hentry\" data-id=\"736\">\r\n\t\t<div class=\"w-grid-item-h\">\r\n\t\t\t\t\t\t<div class=\"w-vwrapper usg_vwrapper_1 align_left valign_middle\" style=\"--vwrapper-gap:0rem\"><h4 class=\"w-post-elm post_title usg_post_title_1 entry-title color_link_inherit\"><a href=\"https:\/\/antoraf.com\/fr\/portfolio\/ouvrier\/\">OUVRIER<\/a><\/h4><p class=\"w-post-elm post_custom_field usg_post_custom_field_1 p14 has_text_color type_text impiego color_link_inherit\"><span class=\"w-post-elm-value\">FULL TIME<\/span><\/p><a class=\"w-btn us-btn-style_3 usg_btn_1 icon_atleft\" href=\"https:\/\/antoraf.com\/fr\/portfolio\/ouvrier\/\"><i class=\"fas fa-long-arrow-right\"><\/i><span class=\"w-btn-label\">POSTULEZ MAINTENANT<\/span><\/a><\/div>\t\t<\/div>\r\n\t\t\t<\/article>\r\n\t<article class=\"w-grid-item size_1x1 post-738 us_portfolio type-us_portfolio status-publish hentry\" data-id=\"738\">\r\n\t\t<div class=\"w-grid-item-h\">\r\n\t\t\t\t\t\t<div class=\"w-vwrapper usg_vwrapper_1 align_left valign_middle\" style=\"--vwrapper-gap:0rem\"><h4 class=\"w-post-elm post_title usg_post_title_1 entry-title color_link_inherit\"><a href=\"https:\/\/antoraf.com\/fr\/portfolio\/technicien-en-tricotage\/\">TECHNICIEN EN TRICOTAGE<\/a><\/h4><p class=\"w-post-elm post_custom_field usg_post_custom_field_1 p14 has_text_color type_text impiego color_link_inherit\"><span class=\"w-post-elm-value\">Full time<\/span><\/p><a class=\"w-btn us-btn-style_3 usg_btn_1 icon_atleft\" href=\"https:\/\/antoraf.com\/fr\/portfolio\/technicien-en-tricotage\/\"><i class=\"fas fa-long-arrow-right\"><\/i><span class=\"w-btn-label\">POSTULEZ MAINTENANT<\/span><\/a><\/div>\t\t<\/div>\r\n\t\t\t<\/article>\r\n<\/div><div class=\"w-grid-preloader\">\t<div class=\"g-preloader type_1\">\r\n\t\t<div><\/div>\r\n\t<\/div>\r\n\t<\/div>\t<div class=\"w-grid-json hidden\" onclick='return {&quot;action&quot;:&quot;us_ajax_grid&quot;,&quot;infinite_scroll&quot;:0,&quot;max_num_pages&quot;:1,&quot;pagination&quot;:&quot;none&quot;,&quot;template_vars&quot;:{&quot;columns&quot;:&quot;3&quot;,&quot;exclude_items&quot;:&quot;none&quot;,&quot;img_size&quot;:&quot;default&quot;,&quot;ignore_items_size&quot;:0,&quot;items_layout&quot;:&quot;165&quot;,&quot;items_offset&quot;:&quot;1&quot;,&quot;load_animation&quot;:&quot;none&quot;,&quot;overriding_link&quot;:&quot;{\\&quot;url\\&quot;:\\&quot;\\&quot;}&quot;,&quot;post_id&quot;:0,&quot;query_args&quot;:{&quot;post_type&quot;:[&quot;us_portfolio&quot;],&quot;post_status&quot;:[&quot;publish&quot;,&quot;acf-disabled&quot;,&quot;mapped&quot;,&quot;needs_update&quot;],&quot;posts_per_page&quot;:&quot;10&quot;},&quot;orderby_query_args&quot;:{&quot;orderby&quot;:{&quot;date&quot;:&quot;DESC&quot;}},&quot;type&quot;:&quot;grid&quot;,&quot;us_grid_post_type&quot;:&quot;us_portfolio&quot;,&quot;us_grid_ajax_index&quot;:1,&quot;us_grid_filter_query_string&quot;:null,&quot;us_grid_index&quot;:1,&quot;page_args&quot;:[],&quot;lang&quot;:&quot;fr&quot;}}'><\/div>\r\n\t<\/div><\/div><\/div><\/div><\/div><\/div><\/section><section class=\"l-section wpb_row us_custom_a94a01d9 cta_finale_certificazioni height_custom\" id=\"lastSection\"><div class=\"l-section-h i-cf\"><div class=\"g-cols vc_row via_flex valign_top type_default stacking_default\"><div class=\"vc_col-sm-12 wpb_column vc_column_container\"><div class=\"vc_column-inner\"><div class=\"wpb_wrapper\"><div class=\"w-image us_custom_bd00854d hide_on_default hide_on_laptops hide_on_tablets align_center\"><div class=\"w-image-h\"><img decoding=\"async\" src=\"https:\/\/antoraf.com\/wp-content\/uploads\/2023\/03\/Simbolo-antoraf.svg\" class=\"attachment-full size-full\" alt=\"\" loading=\"lazy\" \/><\/div><\/div><div class=\"wpb_text_column us_custom_36c6d65b has_text_color\"><div class=\"wpb_wrapper\"><p style=\"text-align: center;\"><span>IDENTIT\u00c9, PASSION, SAVOIR-FAIRE<\/span><\/p>\n<\/div><\/div><div class=\"wpb_text_column us_custom_52cfb399 has_text_color\"><div class=\"wpb_wrapper\"><p style=\"text-align: center;\"><span role=\"presentation\" dir=\"ltr\">RENFERM\u00c9S DANS 30<\/span><span role=\"presentation\" dir=\"ltr\">\u00a0<\/span><span role=\"presentation\" dir=\"ltr\">ANS D\u2019HISTOIRE<\/span><\/p>\n<\/div><\/div><div class=\"w-separator size_custom\" style=\"height:32px\"><\/div><div class=\"w-btn-wrapper align_center\"><a class=\"w-btn us-btn-style_1\" title=\"Azienda\" href=\"https:\/\/antoraf.com\/fr\/entreprise\/\"><span class=\"w-btn-label\">EN SAVOIR PLUS SUR NOTRE ENTREPRISE<\/span><\/a><\/div><\/div><\/div><\/div><\/div><\/div><\/section>\n","protected":false},"excerpt":{"rendered":"Employ\u00e9 technique en tricot poss\u00e9dant des connaissances et de bonnes comp\u00e9tences en programmation de machines SHIMA-SEIKI La ressource sera incluse dans l'\u00e9quipe de programmation.","protected":false},"author":2,"featured_media":0,"parent":0,"menu_order":0,"comment_status":"closed","ping_status":"closed","template":"","meta":{"_acf_changed":false,"inline_featured_image":false,"footnotes":""},"class_list":["post-711","page","type-page","status-publish","hentry"],"acf":[],"yoast_head":"<!-- This site is optimized with the Yoast SEO plugin v26.9 - https:\/\/yoast.com\/product\/yoast-seo-wordpress\/ -->\n<title>Travailler Avec Nous - Antoraf<\/title>\n<meta name=\"robots\" content=\"index, follow, max-snippet:-1, max-image-preview:large, max-video-preview:-1\" \/>\n<link rel=\"canonical\" href=\"https:\/\/antoraf.com\/fr\/travailler-avec-nous\/\" \/>\n<meta property=\"og:locale\" content=\"fr_FR\" \/>\n<meta property=\"og:type\" content=\"article\" \/>\n<meta property=\"og:title\" content=\"Travailler Avec Nous - Antoraf\" \/>\n<meta property=\"og:url\" content=\"https:\/\/antoraf.com\/fr\/travailler-avec-nous\/\" \/>\n<meta property=\"og:site_name\" content=\"Antoraf\" \/>\n<meta property=\"article:modified_time\" content=\"2024-11-12T11:11:32+00:00\" \/>\n<meta name=\"twitter:card\" content=\"summary_large_image\" \/>\n<meta name=\"twitter:label1\" content=\"Dur\u00e9e de lecture estim\u00e9e\" \/>\n\t<meta name=\"twitter:data1\" content=\"1 minute\" \/>\n<script type=\"application\/ld+json\" class=\"yoast-schema-graph\">{\"@context\":\"https:\/\/schema.org\",\"@graph\":[{\"@type\":\"WebPage\",\"@id\":\"https:\/\/antoraf.com\/fr\/travailler-avec-nous\/\",\"url\":\"https:\/\/antoraf.com\/fr\/travailler-avec-nous\/\",\"name\":\"Travailler Avec Nous - Antoraf\",\"isPartOf\":{\"@id\":\"https:\/\/antoraf.com\/fr\/#website\"},\"datePublished\":\"2023-03-06T10:31:16+00:00\",\"dateModified\":\"2024-11-12T11:11:32+00:00\",\"breadcrumb\":{\"@id\":\"https:\/\/antoraf.com\/fr\/travailler-avec-nous\/#breadcrumb\"},\"inLanguage\":\"fr-FR\",\"potentialAction\":[{\"@type\":\"ReadAction\",\"target\":[\"https:\/\/antoraf.com\/fr\/travailler-avec-nous\/\"]}]},{\"@type\":\"BreadcrumbList\",\"@id\":\"https:\/\/antoraf.com\/fr\/travailler-avec-nous\/#breadcrumb\",\"itemListElement\":[{\"@type\":\"ListItem\",\"position\":1,\"name\":\"Home\",\"item\":\"https:\/\/antoraf.com\/fr\/\"},{\"@type\":\"ListItem\",\"position\":2,\"name\":\"Travailler Avec Nous\"}]},{\"@type\":\"WebSite\",\"@id\":\"https:\/\/antoraf.com\/fr\/#website\",\"url\":\"https:\/\/antoraf.com\/fr\/\",\"name\":\"Antoraf\",\"description\":\"\",\"potentialAction\":[{\"@type\":\"SearchAction\",\"target\":{\"@type\":\"EntryPoint\",\"urlTemplate\":\"https:\/\/antoraf.com\/fr\/?s={search_term_string}\"},\"query-input\":{\"@type\":\"PropertyValueSpecification\",\"valueRequired\":true,\"valueName\":\"search_term_string\"}}],\"inLanguage\":\"fr-FR\"}]}<\/script>\n<!-- \/ Yoast SEO plugin. -->","yoast_head_json":{"title":"Travailler Avec Nous - Antoraf","robots":{"index":"index","follow":"follow","max-snippet":"max-snippet:-1","max-image-preview":"max-image-preview:large","max-video-preview":"max-video-preview:-1"},"canonical":"https:\/\/antoraf.com\/fr\/travailler-avec-nous\/","og_locale":"fr_FR","og_type":"article","og_title":"Travailler Avec Nous - Antoraf","og_url":"https:\/\/antoraf.com\/fr\/travailler-avec-nous\/","og_site_name":"Antoraf","article_modified_time":"2024-11-12T11:11:32+00:00","twitter_card":"summary_large_image","twitter_misc":{"Dur\u00e9e de lecture estim\u00e9e":"1 minute"},"schema":{"@context":"https:\/\/schema.org","@graph":[{"@type":"WebPage","@id":"https:\/\/antoraf.com\/fr\/travailler-avec-nous\/","url":"https:\/\/antoraf.com\/fr\/travailler-avec-nous\/","name":"Travailler Avec Nous - Antoraf","isPartOf":{"@id":"https:\/\/antoraf.com\/fr\/#website"},"datePublished":"2023-03-06T10:31:16+00:00","dateModified":"2024-11-12T11:11:32+00:00","breadcrumb":{"@id":"https:\/\/antoraf.com\/fr\/travailler-avec-nous\/#breadcrumb"},"inLanguage":"fr-FR","potentialAction":[{"@type":"ReadAction","target":["https:\/\/antoraf.com\/fr\/travailler-avec-nous\/"]}]},{"@type":"BreadcrumbList","@id":"https:\/\/antoraf.com\/fr\/travailler-avec-nous\/#breadcrumb","itemListElement":[{"@type":"ListItem","position":1,"name":"Home","item":"https:\/\/antoraf.com\/fr\/"},{"@type":"ListItem","position":2,"name":"Travailler Avec Nous"}]},{"@type":"WebSite","@id":"https:\/\/antoraf.com\/fr\/#website","url":"https:\/\/antoraf.com\/fr\/","name":"Antoraf","description":"","potentialAction":[{"@type":"SearchAction","target":{"@type":"EntryPoint","urlTemplate":"https:\/\/antoraf.com\/fr\/?s={search_term_string}"},"query-input":{"@type":"PropertyValueSpecification","valueRequired":true,"valueName":"search_term_string"}}],"inLanguage":"fr-FR"}]}},"_links":{"self":[{"href":"https:\/\/antoraf.com\/fr\/wp-json\/wp\/v2\/pages\/711","targetHints":{"allow":["GET"]}}],"collection":[{"href":"https:\/\/antoraf.com\/fr\/wp-json\/wp\/v2\/pages"}],"about":[{"href":"https:\/\/antoraf.com\/fr\/wp-json\/wp\/v2\/types\/page"}],"author":[{"embeddable":true,"href":"https:\/\/antoraf.com\/fr\/wp-json\/wp\/v2\/users\/2"}],"replies":[{"embeddable":true,"href":"https:\/\/antoraf.com\/fr\/wp-json\/wp\/v2\/comments?post=711"}],"version-history":[{"count":2,"href":"https:\/\/antoraf.com\/fr\/wp-json\/wp\/v2\/pages\/711\/revisions"}],"predecessor-version":[{"id":777,"href":"https:\/\/antoraf.com\/fr\/wp-json\/wp\/v2\/pages\/711\/revisions\/777"}],"wp:attachment":[{"href":"https:\/\/antoraf.com\/fr\/wp-json\/wp\/v2\/media?parent=711"}],"curies":[{"name":"wp","href":"https:\/\/api.w.org\/{rel}","templated":true}]}}