{"id":795,"date":"2023-12-05T12:47:37","date_gmt":"2023-12-05T11:47:37","guid":{"rendered":"https:\/\/antoraf.com\/?page_id=795"},"modified":"2025-03-25T11:02:14","modified_gmt":"2025-03-25T10:02:14","slug":"privacy","status":"publish","type":"page","link":"https:\/\/antoraf.com\/fr\/privacy\/","title":{"rendered":"Privacy"},"content":{"rendered":"<section class=\"l-section wpb_row height_custom\"><div class=\"l-section-h i-cf\"><div class=\"g-cols vc_row via_flex valign_top type_default stacking_default\"><div class=\"vc_col-sm-12 wpb_column vc_column_container\"><div class=\"vc_column-inner\"><div class=\"wpb_wrapper\"><div class=\"wpb_text_column\"><div class=\"wpb_wrapper\"><p>ANTORAF S.R.L. traite des donn\u00e9es personnelles acquises au cours de diverses activit\u00e9s commerciales, y compris la vente et l&rsquo;achat de produits et services associ\u00e9s.<\/p>\n<p>Vous trouverez ci-dessous les principales informations sur le traitement et les m\u00e9thodes de protection des donn\u00e9es personnelles, ainsi que les principes de conduite adopt\u00e9s par ANTORAF S.R.L. en mati\u00e8re de protection de la vie priv\u00e9e des personnes concern\u00e9es.<\/p>\n<p>Les informations relatives \u00e0 la protection des donn\u00e9es sont organis\u00e9es en fonction du champ de traitement et des personnes concern\u00e9es :<\/p>\n<p>POLITIQUE DE CONFIDENTIALIT\u00c9 du site web https:\/\/antoraf.com\/<br \/>\nD\u00e9crit la gestion du site en ce qui concerne le traitement des donn\u00e9es personnelles des utilisateurs qui le consultent.<br \/>\n<a class=\"iubenda-white iubenda-noiframe iubenda-embed iubenda-noiframe \" title=\"Politique de confidentialit\u00e9 \" href=\"https:\/\/www.iubenda.com\/privacy-policy\/11655318\">Politique de confidentialit\u00e9<\/a><\/p>\n<p>POLITIQUE DES COOKIES du site web https:\/\/antoraf.com\/<br \/>\nD\u00e9crit l&rsquo;utilisation des cookies sur le site web, les types de cookies utilis\u00e9s et le traitement des donn\u00e9es personnelles qui en d\u00e9coule.<br \/>\n<a class=\"iubenda-white iubenda-noiframe iubenda-embed iubenda-noiframe \" title=\"Politique relative aux Cookies \" href=\"https:\/\/www.iubenda.com\/privacy-policy\/11655318\/cookie-policy\">Politique relative aux Cookies<\/a><\/p>\n<h3>INFORMATION AUX CLIENTS<\/h3>\n<p>D\u00e9crit les modalit\u00e9s et finalit\u00e9s du traitement des donn\u00e9es personnelles des clients, conform\u00e9ment aux principes de transparence et d&rsquo;\u00e9quit\u00e9, dans le respect des droits des personnes concern\u00e9es.<br \/>\n<a href=\"https:\/\/antoraf.com\/wp-content\/uploads\/2023\/12\/8.1.2DOC_01-Informativa-clienti.pdf\">Lire l&rsquo;information<\/a><\/p>\n<h4>INFORMATION AUX FOURNISSEURS<\/h4>\n<p>D\u00e9crit les modalit\u00e9s et finalit\u00e9s du traitement des donn\u00e9es personnelles des fournisseurs, conform\u00e9ment aux principes de transparence et d&rsquo;\u00e9quit\u00e9, dans le respect des droits des personnes concern\u00e9es.<br \/>\n<a href=\"https:\/\/antoraf.com\/wp-content\/uploads\/2023\/12\/8.1.2DOC_02-Informativa-fornitori.pdf\">Lire l&rsquo;information<\/a><\/p>\n<h3>INFORMATION AUX CANDIDATS<\/h3>\n<p>D\u00e9crit les modalit\u00e9s et finalit\u00e9s du traitement des donn\u00e9es personnelles des candidats, concernant la soumission spontan\u00e9e de donn\u00e9es et de Curriculum Vitae et\/ou la gestion des donn\u00e9es dans le cadre des activit\u00e9s de recrutement promues par ANTORAF S.R.L. Cette information est fournie conform\u00e9ment aux principes de transparence et d&rsquo;\u00e9quit\u00e9, dans le respect des droits des personnes concern\u00e9es.<br \/>\n<a href=\"https:\/\/antoraf.com\/wp-content\/uploads\/2023\/12\/8.1.2DOC_04-Informativa-candidature.pdf\">Lire l&rsquo;information<\/a><\/p>\n<h3>INFORMATION AUX VISITEURS<\/h3>\n<p>D\u00e9crit les modalit\u00e9s et finalit\u00e9s du traitement des donn\u00e9es personnelles des visiteurs acc\u00e9dant aux bureaux et installations. Cette information est fournie conform\u00e9ment aux principes de transparence et d&rsquo;\u00e9quit\u00e9, dans le respect des droits des personnes concern\u00e9es.<br \/>\n<a href=\"https:\/\/antoraf.com\/wp-content\/uploads\/2023\/12\/8.1.2DOC_01a-Informativa-visitatori.pdf\">Lire l&rsquo;information<\/a><\/p>\n<h3>INFORMATION SUR LA VID\u00c9OSURVEILLANCE<\/h3>\n<p>D\u00e9crit les modalit\u00e9s et finalit\u00e9s du traitement des donn\u00e9es personnelles issues des syst\u00e8mes de vid\u00e9osurveillance install\u00e9s chez ANTORAF S.R.L.<br \/>\n<a href=\"https:\/\/antoraf.com\/wp-content\/uploads\/2023\/12\/8.6DOC_01a-Informativa-videosorveglianza.pdf\">Lire l&rsquo;information<\/a><\/p>\n<\/div><\/div><\/div><\/div><\/div><\/div><\/div><\/section>\n","protected":false},"excerpt":{"rendered":"ANTORAF S.R.L. traite des donn\u00e9es personnelles acquises au cours de diverses activit\u00e9s commerciales, y compris la vente et l&rsquo;achat de produits et services associ\u00e9s. Vous trouverez ci-dessous les principales informations sur le traitement et les m\u00e9thodes de protection des donn\u00e9es personnelles, ainsi que les principes de conduite adopt\u00e9s par ANTORAF S.R.L. en mati\u00e8re de protection...","protected":false},"author":2,"featured_media":0,"parent":0,"menu_order":0,"comment_status":"closed","ping_status":"closed","template":"","meta":{"_acf_changed":false,"inline_featured_image":false,"footnotes":""},"class_list":["post-795","page","type-page","status-publish","hentry"],"acf":[],"yoast_head":"<!-- This site is optimized with the Yoast SEO plugin v26.9 - https:\/\/yoast.com\/product\/yoast-seo-wordpress\/ -->\n<title>Privacy - Antoraf<\/title>\n<meta name=\"robots\" content=\"index, follow, max-snippet:-1, max-image-preview:large, max-video-preview:-1\" \/>\n<link rel=\"canonical\" href=\"https:\/\/antoraf.com\/fr\/privacy\/\" \/>\n<meta property=\"og:locale\" content=\"fr_FR\" \/>\n<meta property=\"og:type\" content=\"article\" \/>\n<meta property=\"og:title\" content=\"Privacy - Antoraf\" \/>\n<meta property=\"og:url\" content=\"https:\/\/antoraf.com\/fr\/privacy\/\" \/>\n<meta property=\"og:site_name\" content=\"Antoraf\" \/>\n<meta property=\"article:modified_time\" content=\"2025-03-25T10:02:14+00:00\" \/>\n<meta name=\"twitter:card\" content=\"summary_large_image\" \/>\n<meta name=\"twitter:label1\" content=\"Dur\u00e9e de lecture estim\u00e9e\" \/>\n\t<meta name=\"twitter:data1\" content=\"2 minutes\" \/>\n<script type=\"application\/ld+json\" class=\"yoast-schema-graph\">{\"@context\":\"https:\/\/schema.org\",\"@graph\":[{\"@type\":\"WebPage\",\"@id\":\"https:\/\/antoraf.com\/fr\/privacy\/\",\"url\":\"https:\/\/antoraf.com\/fr\/privacy\/\",\"name\":\"Privacy - Antoraf\",\"isPartOf\":{\"@id\":\"https:\/\/antoraf.com\/fr\/#website\"},\"datePublished\":\"2023-12-05T11:47:37+00:00\",\"dateModified\":\"2025-03-25T10:02:14+00:00\",\"breadcrumb\":{\"@id\":\"https:\/\/antoraf.com\/fr\/privacy\/#breadcrumb\"},\"inLanguage\":\"fr-FR\",\"potentialAction\":[{\"@type\":\"ReadAction\",\"target\":[\"https:\/\/antoraf.com\/fr\/privacy\/\"]}]},{\"@type\":\"BreadcrumbList\",\"@id\":\"https:\/\/antoraf.com\/fr\/privacy\/#breadcrumb\",\"itemListElement\":[{\"@type\":\"ListItem\",\"position\":1,\"name\":\"Home\",\"item\":\"https:\/\/antoraf.com\/fr\/\"},{\"@type\":\"ListItem\",\"position\":2,\"name\":\"Privacy\"}]},{\"@type\":\"WebSite\",\"@id\":\"https:\/\/antoraf.com\/fr\/#website\",\"url\":\"https:\/\/antoraf.com\/fr\/\",\"name\":\"Antoraf\",\"description\":\"\",\"potentialAction\":[{\"@type\":\"SearchAction\",\"target\":{\"@type\":\"EntryPoint\",\"urlTemplate\":\"https:\/\/antoraf.com\/fr\/?s={search_term_string}\"},\"query-input\":{\"@type\":\"PropertyValueSpecification\",\"valueRequired\":true,\"valueName\":\"search_term_string\"}}],\"inLanguage\":\"fr-FR\"}]}<\/script>\n<!-- \/ Yoast SEO plugin. -->","yoast_head_json":{"title":"Privacy - Antoraf","robots":{"index":"index","follow":"follow","max-snippet":"max-snippet:-1","max-image-preview":"max-image-preview:large","max-video-preview":"max-video-preview:-1"},"canonical":"https:\/\/antoraf.com\/fr\/privacy\/","og_locale":"fr_FR","og_type":"article","og_title":"Privacy - Antoraf","og_url":"https:\/\/antoraf.com\/fr\/privacy\/","og_site_name":"Antoraf","article_modified_time":"2025-03-25T10:02:14+00:00","twitter_card":"summary_large_image","twitter_misc":{"Dur\u00e9e de lecture estim\u00e9e":"2 minutes"},"schema":{"@context":"https:\/\/schema.org","@graph":[{"@type":"WebPage","@id":"https:\/\/antoraf.com\/fr\/privacy\/","url":"https:\/\/antoraf.com\/fr\/privacy\/","name":"Privacy - Antoraf","isPartOf":{"@id":"https:\/\/antoraf.com\/fr\/#website"},"datePublished":"2023-12-05T11:47:37+00:00","dateModified":"2025-03-25T10:02:14+00:00","breadcrumb":{"@id":"https:\/\/antoraf.com\/fr\/privacy\/#breadcrumb"},"inLanguage":"fr-FR","potentialAction":[{"@type":"ReadAction","target":["https:\/\/antoraf.com\/fr\/privacy\/"]}]},{"@type":"BreadcrumbList","@id":"https:\/\/antoraf.com\/fr\/privacy\/#breadcrumb","itemListElement":[{"@type":"ListItem","position":1,"name":"Home","item":"https:\/\/antoraf.com\/fr\/"},{"@type":"ListItem","position":2,"name":"Privacy"}]},{"@type":"WebSite","@id":"https:\/\/antoraf.com\/fr\/#website","url":"https:\/\/antoraf.com\/fr\/","name":"Antoraf","description":"","potentialAction":[{"@type":"SearchAction","target":{"@type":"EntryPoint","urlTemplate":"https:\/\/antoraf.com\/fr\/?s={search_term_string}"},"query-input":{"@type":"PropertyValueSpecification","valueRequired":true,"valueName":"search_term_string"}}],"inLanguage":"fr-FR"}]}},"_links":{"self":[{"href":"https:\/\/antoraf.com\/fr\/wp-json\/wp\/v2\/pages\/795","targetHints":{"allow":["GET"]}}],"collection":[{"href":"https:\/\/antoraf.com\/fr\/wp-json\/wp\/v2\/pages"}],"about":[{"href":"https:\/\/antoraf.com\/fr\/wp-json\/wp\/v2\/types\/page"}],"author":[{"embeddable":true,"href":"https:\/\/antoraf.com\/fr\/wp-json\/wp\/v2\/users\/2"}],"replies":[{"embeddable":true,"href":"https:\/\/antoraf.com\/fr\/wp-json\/wp\/v2\/comments?post=795"}],"version-history":[{"count":2,"href":"https:\/\/antoraf.com\/fr\/wp-json\/wp\/v2\/pages\/795\/revisions"}],"predecessor-version":[{"id":837,"href":"https:\/\/antoraf.com\/fr\/wp-json\/wp\/v2\/pages\/795\/revisions\/837"}],"wp:attachment":[{"href":"https:\/\/antoraf.com\/fr\/wp-json\/wp\/v2\/media?parent=795"}],"curies":[{"name":"wp","href":"https:\/\/api.w.org\/{rel}","templated":true}]}}